{"id":807,"date":"2024-04-03T00:07:11","date_gmt":"2024-04-02T22:07:11","guid":{"rendered":"https:\/\/meublesavantgarde.com\/meubles\/?page_id=807"},"modified":"2025-01-23T14:30:52","modified_gmt":"2025-01-23T13:30:52","slug":"profil","status":"publish","type":"page","link":"https:\/\/meublesavantgarde.com\/meubles\/profil\/","title":{"rendered":"Profil"},"content":{"rendered":"<p>[et_pb_section fb_built=\u00a0\u00bb1&Prime; _builder_version=\u00a0\u00bb4.24.2&Prime; _module_preset=\u00a0\u00bbdefault\u00a0\u00bb background_color=\u00a0\u00bb#E8E3E1&Prime; width=\u00a0\u00bb90%\u00a0\u00bb max_width=\u00a0\u00bb100%\u00a0\u00bb module_alignment=\u00a0\u00bbcenter\u00a0\u00bb custom_padding=\u00a0\u00bb68px|||||\u00a0\u00bb global_colors_info=\u00a0\u00bb{}\u00a0\u00bb][et_pb_row _builder_version=\u00a0\u00bb4.24.2&Prime; _module_preset=\u00a0\u00bbdefault\u00a0\u00bb background_color=\u00a0\u00bb#AA7B0D\u00a0\u00bb custom_padding=\u00a0\u00bb3px||4px||false|false\u00a0\u00bb global_colors_info=\u00a0\u00bb{}\u00a0\u00bb][et_pb_column type=\u00a0\u00bb4_4&Prime; _builder_version=\u00a0\u00bb4.24.2&Prime; _module_preset=\u00a0\u00bbdefault\u00a0\u00bb global_colors_info=\u00a0\u00bb{}\u00a0\u00bb][et_pb_text _builder_version=\u00a0\u00bb4.24.2&Prime; _module_preset=\u00a0\u00bbdefault\u00a0\u00bb text_font=\u00a0\u00bbCabin|700|||||||\u00a0\u00bb text_font_size=\u00a0\u00bb35px\u00a0\u00bb background_color=\u00a0\u00bb#AA7B0D\u00a0\u00bb min_height=\u00a0\u00bb110px\u00a0\u00bb custom_margin=\u00a0\u00bb-37px||1px|||\u00a0\u00bb custom_padding=\u00a0\u00bb31px||31px|41px|true|false\u00a0\u00bb global_colors_info=\u00a0\u00bb{}\u00a0\u00bb]<\/p>\n<h2>PROFIL<\/h2>\n<p>[\/et_pb_text][et_pb_text _builder_version=\u00a0\u00bb4.24.2&Prime; _module_preset=\u00a0\u00bbdefault\u00a0\u00bb custom_margin=\u00a0\u00bb-30px|||||\u00a0\u00bb global_colors_info=\u00a0\u00bb{}\u00a0\u00bb][\/et_pb_text][\/et_pb_column][\/et_pb_row][et_pb_row _builder_version=\u00a0\u00bb4.24.2&Prime; _module_preset=\u00a0\u00bbdefault\u00a0\u00bb custom_padding=\u00a0\u00bb13px|||||\u00a0\u00bb global_colors_info=\u00a0\u00bb{}\u00a0\u00bb][et_pb_column type=\u00a0\u00bb4_4&Prime; _builder_version=\u00a0\u00bb4.24.2&Prime; _module_preset=\u00a0\u00bbdefault\u00a0\u00bb global_colors_info=\u00a0\u00bb{}\u00a0\u00bb][et_pb_divider color=\u00a0\u00bb#000000&Prime; _builder_version=\u00a0\u00bb4.24.2&Prime; _module_preset=\u00a0\u00bbdefault\u00a0\u00bb custom_margin=\u00a0\u00bb-3px|||||\u00a0\u00bb custom_padding=\u00a0\u00bb||0px||false|false\u00a0\u00bb global_colors_info=\u00a0\u00bb{}\u00a0\u00bb][\/et_pb_divider][\/et_pb_column][\/et_pb_row][et_pb_row _builder_version=\u00a0\u00bb4.24.2&Prime; _module_preset=\u00a0\u00bbdefault\u00a0\u00bb global_colors_info=\u00a0\u00bb{}\u00a0\u00bb][et_pb_column type=\u00a0\u00bb4_4&Prime; _builder_version=\u00a0\u00bb4.24.2&Prime; _module_preset=\u00a0\u00bbdefault\u00a0\u00bb global_colors_info=\u00a0\u00bb{}\u00a0\u00bb][et_pb_image src=\u00a0\u00bbhttps:\/\/meublesavantgarde.com\/meubles\/wp-content\/uploads\/2024\/04\/Bureau-profil-fade.jpg\u00a0\u00bb title_text=\u00a0\u00bbBureau-profil-fade\u00a0\u00bb _builder_version=\u00a0\u00bb4.24.2&Prime; _module_preset=\u00a0\u00bbdefault\u00a0\u00bb global_colors_info=\u00a0\u00bb{}\u00a0\u00bb][\/et_pb_image][\/et_pb_column][\/et_pb_row][et_pb_row column_structure=\u00a0\u00bb1_2,1_2&Prime; _builder_version=\u00a0\u00bb4.24.2&Prime; _module_preset=\u00a0\u00bbdefault\u00a0\u00bb global_colors_info=\u00a0\u00bb{}\u00a0\u00bb][et_pb_column type=\u00a0\u00bb1_2&Prime; _builder_version=\u00a0\u00bb4.24.2&Prime; _module_preset=\u00a0\u00bbdefault\u00a0\u00bb global_colors_info=\u00a0\u00bb{}\u00a0\u00bb][et_pb_text _builder_version=\u00a0\u00bb4.24.2&Prime; _module_preset=\u00a0\u00bbdefault\u00a0\u00bb custom_margin=\u00a0\u00bb||2px|||\u00a0\u00bb global_colors_info=\u00a0\u00bb{}\u00a0\u00bb]<\/p>\n<h1 style=\"text-align: center;\"><strong><em>40 ans de succ\u00e8s<\/em><\/strong><\/h1>\n<p>[\/et_pb_text][et_pb_divider color=\u00a0\u00bb#AA7B0D\u00a0\u00bb _builder_version=\u00a0\u00bb4.24.2&Prime; _module_preset=\u00a0\u00bbdefault\u00a0\u00bb custom_margin=\u00a0\u00bb||||false|false\u00a0\u00bb custom_padding=\u00a0\u00bb||||false|false\u00a0\u00bb global_colors_info=\u00a0\u00bb{}\u00a0\u00bb][\/et_pb_divider][et_pb_text _builder_version=\u00a0\u00bb4.24.2&Prime; _module_preset=\u00a0\u00bbdefault\u00a0\u00bb text_font_size=\u00a0\u00bb16px\u00a0\u00bb global_colors_info=\u00a0\u00bb{}\u00a0\u00bb]<\/p>\n<p>En affaires depuis plus de 40 ans, notre r\u00e9putation se fonde sur la qualit\u00e9<br \/>de notre mobilier et sur un service client incomparable.<\/p>\n<p>Le savoir-faire et le d\u00e9vouement de notre \u00e9quipe extr\u00eamement<br \/>qualifi\u00e9e sont \u00e0 la base du succ\u00e8s de Meubles Avant-Garde.<\/p>\n<p>[\/et_pb_text][\/et_pb_column][et_pb_column type=\u00a0\u00bb1_2&Prime; _builder_version=\u00a0\u00bb4.24.2&Prime; _module_preset=\u00a0\u00bbdefault\u00a0\u00bb global_colors_info=\u00a0\u00bb{}\u00a0\u00bb][et_pb_text _builder_version=\u00a0\u00bb4.24.2&Prime; _module_preset=\u00a0\u00bbdefault\u00a0\u00bb custom_margin=\u00a0\u00bb||1px|||\u00a0\u00bb global_colors_info=\u00a0\u00bb{}\u00a0\u00bb]<\/p>\n<h1 style=\"text-align: center;\"><strong><em>Gage de qualit\u00e9<\/em><\/strong><\/h1>\n<p>[\/et_pb_text][et_pb_divider color=\u00a0\u00bb#AA7B0D\u00a0\u00bb _builder_version=\u00a0\u00bb4.24.2&Prime; _module_preset=\u00a0\u00bbdefault\u00a0\u00bb global_colors_info=\u00a0\u00bb{}\u00a0\u00bb][\/et_pb_divider][et_pb_text _builder_version=\u00a0\u00bb4.24.2&Prime; _module_preset=\u00a0\u00bbdefault\u00a0\u00bb text_font_size=\u00a0\u00bb16px\u00a0\u00bb global_colors_info=\u00a0\u00bb{}\u00a0\u00bb]<\/p>\n<p><span>Notre politique est de fournir en tout temps des produits ou des services \u00e9quivalents ou sup\u00e9rieurs aux demandes du client. Pour y r\u00e9ussir, nous nous engageons dans un processus d&rsquo;am\u00e9lioration continue.<\/span><\/p>\n<p>[\/et_pb_text][\/et_pb_column][\/et_pb_row][et_pb_row column_structure=\u00a0\u00bb1_2,1_2&Prime; _builder_version=\u00a0\u00bb4.24.2&Prime; _module_preset=\u00a0\u00bbdefault\u00a0\u00bb global_colors_info=\u00a0\u00bb{}\u00a0\u00bb][et_pb_column type=\u00a0\u00bb1_2&Prime; _builder_version=\u00a0\u00bb4.24.2&Prime; _module_preset=\u00a0\u00bbdefault\u00a0\u00bb global_colors_info=\u00a0\u00bb{}\u00a0\u00bb][et_pb_text _builder_version=\u00a0\u00bb4.24.2&Prime; _module_preset=\u00a0\u00bbdefault\u00a0\u00bb custom_margin=\u00a0\u00bb||2px|||\u00a0\u00bb global_colors_info=\u00a0\u00bb{}\u00a0\u00bb]<\/p>\n<h1 style=\"text-align: center;\"><strong><em>Flexible et concurrentiel<\/em><\/strong><\/h1>\n<p>[\/et_pb_text][et_pb_divider color=\u00a0\u00bb#AA7B0D\u00a0\u00bb _builder_version=\u00a0\u00bb4.24.2&Prime; _module_preset=\u00a0\u00bbdefault\u00a0\u00bb custom_margin=\u00a0\u00bb||||false|false\u00a0\u00bb custom_padding=\u00a0\u00bb||||false|false\u00a0\u00bb global_colors_info=\u00a0\u00bb{}\u00a0\u00bb][\/et_pb_divider][et_pb_text _builder_version=\u00a0\u00bb4.24.2&Prime; _module_preset=\u00a0\u00bbdefault\u00a0\u00bb text_font_size=\u00a0\u00bb16px\u00a0\u00bb global_colors_info=\u00a0\u00bb{}\u00a0\u00bb]<\/p>\n<p>Ce qui nous distingue, c\u2019est notre capacit\u00e9 \u00e0 offrir des produits<br \/>standards et sur mesure \u00e0 prix hautement comp\u00e9titifs.<\/p>\n<p>La flexibilit\u00e9 de notre atelier, nous permet de r\u00e9pondre parfaitement<br \/>aux exigences de nos fid\u00e8les clients.<\/p>\n<p>Nous offrons un service de plans 3D personnalis\u00e9s qui saura combler<br \/>vos demandes en alliant ergonomie et esth\u00e9tisme.<\/p>\n<p>[\/et_pb_text][\/et_pb_column][et_pb_column type=\u00a0\u00bb1_2&Prime; _builder_version=\u00a0\u00bb4.24.2&Prime; _module_preset=\u00a0\u00bbdefault\u00a0\u00bb global_colors_info=\u00a0\u00bb{}\u00a0\u00bb][et_pb_text _builder_version=\u00a0\u00bb4.24.2&Prime; _module_preset=\u00a0\u00bbdefault\u00a0\u00bb custom_margin=\u00a0\u00bb||1px|||\u00a0\u00bb global_colors_info=\u00a0\u00bb{}\u00a0\u00bb]<\/p>\n<h1 style=\"text-align: center;\"><strong><em>Notre usine est ici, au Qu\u00e9bec<\/em><\/strong><\/h1>\n<p>[\/et_pb_text][et_pb_divider color=\u00a0\u00bb#AA7B0D\u00a0\u00bb _builder_version=\u00a0\u00bb4.24.2&Prime; _module_preset=\u00a0\u00bbdefault\u00a0\u00bb global_colors_info=\u00a0\u00bb{}\u00a0\u00bb][\/et_pb_divider][et_pb_text _builder_version=\u00a0\u00bb4.24.2&Prime; _module_preset=\u00a0\u00bbdefault\u00a0\u00bb text_font_size=\u00a0\u00bb16px\u00a0\u00bb global_colors_info=\u00a0\u00bb{}\u00a0\u00bb]<\/p>\n<p style=\"text-align: left;\">Nous sommes fiers d\u2019offrir des produits dessin\u00e9s et fabriqu\u00e9s ici-m\u00eame au Qu\u00e9bec.<\/p>\n<p>Situ\u00e9 \u00e0 L\u00e9vis, Meubles Avant-Garde a subi plusieurs agrandissements depuis sa fondation en 1985.<img loading=\"lazy\" decoding=\"async\" src=\"https:\/\/meublesavantgarde.com\/meubles\/wp-content\/uploads\/2024\/04\/Fabrique-au-Quebec.png\" width=\"150\" height=\"150\" alt=\"\" class=\"wp-image-815 alignright size-full\" \/><\/p>\n<p>Aujourd\u2019hui, elle compte plus de 18 500 pieds carr\u00e9s de superficie.<\/p>\n<p>Des investissements majeurs, en \u00e9quipements et machinerie \u00e0 la fine pointe de la technologie, ont \u00e9t\u00e9 effectu\u00e9s afin d\u2019augmenter notre productivit\u00e9 et demeurer comp\u00e9titifs.<\/p>\n<p>[\/et_pb_text][\/et_pb_column][\/et_pb_row][\/et_pb_section]<\/p>\n","protected":false},"excerpt":{"rendered":"<p>PROFIL40 ans de succ\u00e8sEn affaires depuis plus de 40 ans, notre r\u00e9putation se fonde sur la qualit\u00e9de notre mobilier et sur un service client incomparable. Le savoir-faire et le d\u00e9vouement de notre \u00e9quipe extr\u00eamementqualifi\u00e9e sont \u00e0 la base du succ\u00e8s de Meubles Avant-Garde.Gage de qualit\u00e9Notre politique est de fournir en tout temps des produits ou des services \u00e9quivalents ou sup\u00e9rieurs aux demandes du client. Pour y r\u00e9ussir, nous nous engageons dans un processus d&rsquo;am\u00e9lioration continue.Flexible et concurrentielCe qui nous distingue, c\u2019est notre capacit\u00e9 \u00e0 offrir des produitsstandards et sur mesure \u00e0 prix hautement comp\u00e9titifs. La flexibilit\u00e9 de notre atelier, nous permet de r\u00e9pondre parfaitementaux exigences de nos fid\u00e8les clients. Nous offrons un service de plans 3D personnalis\u00e9s qui saura comblervos demandes en alliant ergonomie et esth\u00e9tisme.Notre usine est ici, au Qu\u00e9becNous sommes fiers d\u2019offrir des produits dessin\u00e9s et fabriqu\u00e9s ici-m\u00eame au Qu\u00e9bec. Situ\u00e9 \u00e0 L\u00e9vis, Meubles Avant-Garde a subi plusieurs agrandissements depuis sa fondation en 1985. Aujourd\u2019hui, elle compte plus de 18 500 pieds carr\u00e9s de superficie. Des investissements majeurs, en \u00e9quipements et machinerie \u00e0 la fine pointe de la technologie, ont \u00e9t\u00e9 effectu\u00e9s afin d\u2019augmenter notre productivit\u00e9 et demeurer comp\u00e9titifs.<\/p>\n","protected":false},"author":3,"featured_media":0,"parent":0,"menu_order":0,"comment_status":"closed","ping_status":"closed","template":"","meta":{"_et_pb_use_builder":"on","_et_pb_old_content":"","_et_gb_content_width":"","footnotes":""},"class_list":["post-807","page","type-page","status-publish","hentry"],"_links":{"self":[{"href":"https:\/\/meublesavantgarde.com\/meubles\/wp-json\/wp\/v2\/pages\/807","targetHints":{"allow":["GET"]}}],"collection":[{"href":"https:\/\/meublesavantgarde.com\/meubles\/wp-json\/wp\/v2\/pages"}],"about":[{"href":"https:\/\/meublesavantgarde.com\/meubles\/wp-json\/wp\/v2\/types\/page"}],"author":[{"embeddable":true,"href":"https:\/\/meublesavantgarde.com\/meubles\/wp-json\/wp\/v2\/users\/3"}],"replies":[{"embeddable":true,"href":"https:\/\/meublesavantgarde.com\/meubles\/wp-json\/wp\/v2\/comments?post=807"}],"version-history":[{"count":5,"href":"https:\/\/meublesavantgarde.com\/meubles\/wp-json\/wp\/v2\/pages\/807\/revisions"}],"predecessor-version":[{"id":1146,"href":"https:\/\/meublesavantgarde.com\/meubles\/wp-json\/wp\/v2\/pages\/807\/revisions\/1146"}],"wp:attachment":[{"href":"https:\/\/meublesavantgarde.com\/meubles\/wp-json\/wp\/v2\/media?parent=807"}],"curies":[{"name":"wp","href":"https:\/\/api.w.org\/{rel}","templated":true}]}}