{"id":145,"date":"2024-03-23T19:37:36","date_gmt":"2024-03-23T18:37:36","guid":{"rendered":"https:\/\/meublesavantgarde.com\/meubles\/?page_id=145"},"modified":"2025-01-23T15:06:01","modified_gmt":"2025-01-23T14:06:01","slug":"tables-de-conference","status":"publish","type":"page","link":"https:\/\/meublesavantgarde.com\/meubles\/tables-de-conference\/","title":{"rendered":"Tables de conf\u00e9rence"},"content":{"rendered":"<p>[et_pb_section fb_built=\u00a0\u00bb1&Prime; _builder_version=\u00a0\u00bb4.24.2&Prime; _module_preset=\u00a0\u00bbdefault\u00a0\u00bb background_color=\u00a0\u00bb#E8E3E1&Prime; width=\u00a0\u00bb90%\u00a0\u00bb max_width=\u00a0\u00bb100%\u00a0\u00bb module_alignment=\u00a0\u00bbcenter\u00a0\u00bb global_colors_info=\u00a0\u00bb{}\u00a0\u00bb][et_pb_row _builder_version=\u00a0\u00bb4.24.2&Prime; _module_preset=\u00a0\u00bbdefault\u00a0\u00bb background_color=\u00a0\u00bb#AA7B0D\u00a0\u00bb custom_margin=\u00a0\u00bb-34px|auto||auto||\u00a0\u00bb custom_padding=\u00a0\u00bb3px||4px||false|false\u00a0\u00bb global_colors_info=\u00a0\u00bb{}\u00a0\u00bb][et_pb_column type=\u00a0\u00bb4_4&Prime; _builder_version=\u00a0\u00bb4.24.2&Prime; _module_preset=\u00a0\u00bbdefault\u00a0\u00bb global_colors_info=\u00a0\u00bb{}\u00a0\u00bb][et_pb_text _builder_version=\u00a0\u00bb4.24.2&Prime; _module_preset=\u00a0\u00bbdefault\u00a0\u00bb custom_margin=\u00a0\u00bb19px||||false|false\u00a0\u00bb custom_padding=\u00a0\u00bb||0px|41px|false|false\u00a0\u00bb global_colors_info=\u00a0\u00bb{}\u00a0\u00bb]<\/p>\n<h2>PRODUITS<\/h2>\n<p>[\/et_pb_text][et_pb_text _builder_version=\u00a0\u00bb4.24.2&Prime; _module_preset=\u00a0\u00bbdefault\u00a0\u00bb text_font=\u00a0\u00bbCabin|700|||||||\u00a0\u00bb text_font_size=\u00a0\u00bb35px\u00a0\u00bb background_color=\u00a0\u00bbrgba(170,123,13,0.63)\u00a0\u00bb min_height=\u00a0\u00bb110px\u00a0\u00bb custom_margin=\u00a0\u00bb-37px||-41px|||\u00a0\u00bb custom_padding=\u00a0\u00bb8px||8px|41px|true|false\u00a0\u00bb global_colors_info=\u00a0\u00bb{}\u00a0\u00bb]<\/p>\n<h2>TABLES DE CONF\u00c9RENCE<\/h2>\n<p>[\/et_pb_text][et_pb_menu menu_id=\u00a0\u00bb6&Prime; submenu_direction=\u00a0\u00bbupwards\u00a0\u00bb active_link_color=\u00a0\u00bb#AA7B0D\u00a0\u00bb dropdown_menu_bg_color=\u00a0\u00bb#AA7B0D\u00a0\u00bb dropdown_menu_line_color=\u00a0\u00bb#373630&Prime; dropdown_menu_active_link_color=\u00a0\u00bb#AA7B0D\u00a0\u00bb mobile_menu_bg_color=\u00a0\u00bb#000000&Prime; menu_icon_color=\u00a0\u00bb#000000&Prime; _builder_version=\u00a0\u00bb4.24.2&Prime; _module_preset=\u00a0\u00bbdefault\u00a0\u00bb menu_font_size=\u00a0\u00bb16px\u00a0\u00bb background_color=\u00a0\u00bb#E2C5A0&Prime; text_orientation=\u00a0\u00bbcenter\u00a0\u00bb custom_margin=\u00a0\u00bb||||false|false\u00a0\u00bb global_colors_info=\u00a0\u00bb{}\u00a0\u00bb][\/et_pb_menu][\/et_pb_column][\/et_pb_row][et_pb_row _builder_version=\u00a0\u00bb4.24.2&Prime; _module_preset=\u00a0\u00bbdefault\u00a0\u00bb custom_padding=\u00a0\u00bb26px||0px|||\u00a0\u00bb global_colors_info=\u00a0\u00bb{}\u00a0\u00bb][et_pb_column type=\u00a0\u00bb4_4&Prime; _builder_version=\u00a0\u00bb4.24.2&Prime; _module_preset=\u00a0\u00bbdefault\u00a0\u00bb global_colors_info=\u00a0\u00bb{}\u00a0\u00bb][et_pb_divider color=\u00a0\u00bb#000000&Prime; _builder_version=\u00a0\u00bb4.24.2&Prime; _module_preset=\u00a0\u00bbdefault\u00a0\u00bb min_height=\u00a0\u00bb1.8px\u00a0\u00bb custom_padding=\u00a0\u00bb||||false|false\u00a0\u00bb global_colors_info=\u00a0\u00bb{}\u00a0\u00bb][\/et_pb_divider][\/et_pb_column][\/et_pb_row][et_pb_row column_structure=\u00a0\u00bb2_3,1_3&Prime; _builder_version=\u00a0\u00bb4.24.2&Prime; _module_preset=\u00a0\u00bbdefault\u00a0\u00bb global_colors_info=\u00a0\u00bb{}\u00a0\u00bb][et_pb_column type=\u00a0\u00bb2_3&Prime; _builder_version=\u00a0\u00bb4.24.2&Prime; _module_preset=\u00a0\u00bbdefault\u00a0\u00bb global_colors_info=\u00a0\u00bb{}\u00a0\u00bb][et_pb_image src=\u00a0\u00bbhttps:\/\/meublesavantgarde.com\/meubles\/wp-content\/uploads\/2024\/03\/Rendu14mai.jpg\u00a0\u00bb title_text=\u00a0\u00bbRendu14mai\u00a0\u00bb _builder_version=\u00a0\u00bb4.24.2&Prime; _module_preset=\u00a0\u00bbdefault\u00a0\u00bb box_shadow_style=\u00a0\u00bbpreset1&Prime; global_colors_info=\u00a0\u00bb{}\u00a0\u00bb][\/et_pb_image][\/et_pb_column][et_pb_column type=\u00a0\u00bb1_3&Prime; _builder_version=\u00a0\u00bb4.24.2&Prime; _module_preset=\u00a0\u00bbdefault\u00a0\u00bb global_colors_info=\u00a0\u00bb{}\u00a0\u00bb][et_pb_text _builder_version=\u00a0\u00bb4.24.2&Prime; _module_preset=\u00a0\u00bbdefault\u00a0\u00bb text_font_size=\u00a0\u00bb16px\u00a0\u00bb custom_padding=\u00a0\u00bb|3px||3px|false|true\u00a0\u00bb global_colors_info=\u00a0\u00bb{}\u00a0\u00bb]<\/p>\n<p style=\"font-weight: 400;\">Pour travailler avec votre \u00e9quipe, ou pour rencontrer vos clients, faites de votre salle de r\u00e9union un espace qui encourage la collaboration, la cr\u00e9ativit\u00e9 et la productivit\u00e9.<\/p>\n<p style=\"font-weight: 400;\">Une vari\u00e9t\u00e9 de formes, de dimensions, de finis et de styles vous sont offerts pour combler vos exigences et donner du caract\u00e8re \u00e0 la pi\u00e8ce qui repr\u00e9sente le plus l\u2019image de votre entreprise.<\/p>\n<p style=\"font-weight: 400;\">Avec des accessoires qui r\u00e9pondent aux besoins technologiques actuels, ajouter \u00e0 votre table quelques fonctions pratiques qui simplifieront votre travail et celui de vos collaborateurs.<\/p>\n<p>[\/et_pb_text][et_pb_button button_url=\u00a0\u00bb@ET-DC@eyJkeW5hbWljIjp0cnVlLCJjb250ZW50IjoicG9zdF9saW5rX3VybF9wYWdlIiwic2V0dGluZ3MiOnsicG9zdF9pZCI6IjIxOSJ9fQ==@\u00a0\u00bb button_text=\u00a0\u00bbPortfolio\u00a0\u00bb _builder_version=\u00a0\u00bb4.24.3&Prime; _dynamic_attributes=\u00a0\u00bbbutton_url\u00a0\u00bb _module_preset=\u00a0\u00bbdefault\u00a0\u00bb custom_button=\u00a0\u00bbon\u00a0\u00bb button_text_color=\u00a0\u00bb#FFFFFF\u00a0\u00bb button_bg_color=\u00a0\u00bb#AA7B0D\u00a0\u00bb button_border_width=\u00a0\u00bb2px\u00a0\u00bb button_border_color=\u00a0\u00bb#AA7B0D\u00a0\u00bb button_border_radius=\u00a0\u00bb10px\u00a0\u00bb button_font=\u00a0\u00bbCabin||||||||\u00a0\u00bb box_shadow_style=\u00a0\u00bbpreset6&Prime; global_colors_info=\u00a0\u00bb{}\u00a0\u00bb width=\u00a0\u00bb147.4px\u00a0\u00bb custom_padding=\u00a0\u00bb|18px||||\u00a0\u00bb][\/et_pb_button][et_pb_button button_url=\u00a0\u00bb@ET-DC@eyJkeW5hbWljIjp0cnVlLCJjb250ZW50IjoicG9zdF9saW5rX3VybF9wYWdlIiwic2V0dGluZ3MiOnsicG9zdF9pZCI6Ijg0NyJ9fQ==@\u00a0\u00bb button_text=\u00a0\u00bbR\u00e9alisations\u00a0\u00bb _builder_version=\u00a0\u00bb4.27.0&Prime; _dynamic_attributes=\u00a0\u00bbbutton_url\u00a0\u00bb _module_preset=\u00a0\u00bbdefault\u00a0\u00bb custom_button=\u00a0\u00bbon\u00a0\u00bb button_text_color=\u00a0\u00bb#FFFFFF\u00a0\u00bb button_bg_color=\u00a0\u00bb#000000&Prime; button_border_width=\u00a0\u00bb2px\u00a0\u00bb button_border_color=\u00a0\u00bb#AA7B0D\u00a0\u00bb button_border_radius=\u00a0\u00bb10px\u00a0\u00bb button_font=\u00a0\u00bbCabin||||||||\u00a0\u00bb hover_enabled=\u00a0\u00bb0&Prime; box_shadow_style=\u00a0\u00bbpreset6&Prime; global_colors_info=\u00a0\u00bb{}\u00a0\u00bb button_bg_enable_color=\u00a0\u00bbon\u00a0\u00bb sticky_enabled=\u00a0\u00bb0&Prime;][\/et_pb_button][\/et_pb_column][\/et_pb_row][et_pb_row _builder_version=\u00a0\u00bb4.24.2&Prime; _module_preset=\u00a0\u00bbdefault\u00a0\u00bb custom_padding=\u00a0\u00bb||0px|||\u00a0\u00bb global_colors_info=\u00a0\u00bb{}\u00a0\u00bb][et_pb_column type=\u00a0\u00bb4_4&Prime; _builder_version=\u00a0\u00bb4.24.2&Prime; _module_preset=\u00a0\u00bbdefault\u00a0\u00bb global_colors_info=\u00a0\u00bb{}\u00a0\u00bb][et_pb_text _builder_version=\u00a0\u00bb4.24.2&Prime; _module_preset=\u00a0\u00bbdefault\u00a0\u00bb text_font=\u00a0\u00bbCabin|600|on||||||\u00a0\u00bb global_colors_info=\u00a0\u00bb{}\u00a0\u00bb]<\/p>\n<h1>CARACT\u00c9RISTIQUES<\/h1>\n<p>[\/et_pb_text][\/et_pb_column][\/et_pb_row][et_pb_row _builder_version=\u00a0\u00bb4.24.2&Prime; _module_preset=\u00a0\u00bbdefault\u00a0\u00bb global_colors_info=\u00a0\u00bb{}\u00a0\u00bb][et_pb_column type=\u00a0\u00bb4_4&Prime; _builder_version=\u00a0\u00bb4.24.2&Prime; _module_preset=\u00a0\u00bbdefault\u00a0\u00bb global_colors_info=\u00a0\u00bb{}\u00a0\u00bb][et_pb_text _builder_version=\u00a0\u00bb4.24.2&Prime; _module_preset=\u00a0\u00bbdefault\u00a0\u00bb text_font_size=\u00a0\u00bb16px\u00a0\u00bb custom_margin=\u00a0\u00bb||5px|||\u00a0\u00bb global_colors_info=\u00a0\u00bb{}\u00a0\u00bb]<strong>Mat\u00e9riaux :<\/strong><\/p>\n<ul>\n<li>Dessus et panneaux lat\u00e9raux en m\u00e9lamine thermofusionn\u00e9e 1&Prime; d&rsquo;\u00e9paisseur haute densit\u00e9.<br \/>\nElle a des propri\u00e9t\u00e9s physiques uniques, telles que la durabilit\u00e9, la duret\u00e9, la r\u00e9sistance aux rayures et aux taches, ainsi que la stabilit\u00e9 des couleurs.<\/li>\n<li>Rencontre les normes NEMA LD3 Grade VGL-95.<\/li>\n<\/ul>\n<p><strong>Bande de chant :<\/strong><\/p>\n<ul>\n<li>Bande chant en PVC 2.5 mm d&rsquo;\u00e9paisseur sur toutes les surfaces apparentes.<\/li>\n<p>Aucune particule apparente.\n<\/ul>\n<p>[\/et_pb_text][\/et_pb_column][\/et_pb_row][\/et_pb_section]<\/p>\n","protected":false},"excerpt":{"rendered":"<p>PRODUITSTABLES DE CONF\u00c9RENCEPour travailler avec votre \u00e9quipe, ou pour rencontrer vos clients, faites de votre salle de r\u00e9union un espace qui encourage la collaboration, la cr\u00e9ativit\u00e9 et la productivit\u00e9. Une vari\u00e9t\u00e9 de formes, de dimensions, de finis et de styles vous sont offerts pour combler vos exigences et donner du caract\u00e8re \u00e0 la pi\u00e8ce qui repr\u00e9sente le plus l\u2019image de votre entreprise. Avec des accessoires qui r\u00e9pondent aux besoins technologiques actuels, ajouter \u00e0 votre table quelques fonctions pratiques qui simplifieront votre travail et celui de vos collaborateurs.CARACT\u00c9RISTIQUESMat\u00e9riaux : Dessus et panneaux lat\u00e9raux en m\u00e9lamine thermofusionn\u00e9e 1&Prime; d&rsquo;\u00e9paisseur haute densit\u00e9. Elle a des propri\u00e9t\u00e9s physiques uniques, telles que la durabilit\u00e9, la duret\u00e9, la r\u00e9sistance aux rayures et aux taches, ainsi que la stabilit\u00e9 des couleurs. Rencontre les normes NEMA LD3 Grade VGL-95. Bande de chant : Bande chant en PVC 2.5 mm d&rsquo;\u00e9paisseur sur toutes les surfaces apparentes. Aucune particule apparente.<\/p>\n","protected":false},"author":3,"featured_media":0,"parent":0,"menu_order":0,"comment_status":"closed","ping_status":"closed","template":"","meta":{"_et_pb_use_builder":"on","_et_pb_old_content":"","_et_gb_content_width":"","footnotes":""},"class_list":["post-145","page","type-page","status-publish","hentry"],"_links":{"self":[{"href":"https:\/\/meublesavantgarde.com\/meubles\/wp-json\/wp\/v2\/pages\/145","targetHints":{"allow":["GET"]}}],"collection":[{"href":"https:\/\/meublesavantgarde.com\/meubles\/wp-json\/wp\/v2\/pages"}],"about":[{"href":"https:\/\/meublesavantgarde.com\/meubles\/wp-json\/wp\/v2\/types\/page"}],"author":[{"embeddable":true,"href":"https:\/\/meublesavantgarde.com\/meubles\/wp-json\/wp\/v2\/users\/3"}],"replies":[{"embeddable":true,"href":"https:\/\/meublesavantgarde.com\/meubles\/wp-json\/wp\/v2\/comments?post=145"}],"version-history":[{"count":17,"href":"https:\/\/meublesavantgarde.com\/meubles\/wp-json\/wp\/v2\/pages\/145\/revisions"}],"predecessor-version":[{"id":1152,"href":"https:\/\/meublesavantgarde.com\/meubles\/wp-json\/wp\/v2\/pages\/145\/revisions\/1152"}],"wp:attachment":[{"href":"https:\/\/meublesavantgarde.com\/meubles\/wp-json\/wp\/v2\/media?parent=145"}],"curies":[{"name":"wp","href":"https:\/\/api.w.org\/{rel}","templated":true}]}}